{"id":40,"date":"2021-10-18T20:51:22","date_gmt":"2021-10-18T20:51:22","guid":{"rendered":"https:\/\/kits.themecy.com\/memberships-2\/?page_id=40"},"modified":"2024-12-16T10:12:36","modified_gmt":"2024-12-16T10:12:36","slug":"producer","status":"publish","type":"page","link":"https:\/\/molos.systems\/en\/producer","title":{"rendered":"Manufacturer"},"content":{"rendered":"<style>.kb-row-layout-id40_c91901-11 > .kt-row-column-wrap{align-content:start;}:where(.kb-row-layout-id40_c91901-11 > .kt-row-column-wrap) > .wp-block-kadence-column{justify-content:start;}.kb-row-layout-id40_c91901-11 > .kt-row-column-wrap{column-gap:var(--global-kb-gap-md, 2rem);row-gap:var(--global-kb-gap-md, 2rem);max-width:var( --global-content-width, 1290px );padding-left:var(--global-content-edge-padding);padding-right:var(--global-content-edge-padding);padding-top:96px;padding-bottom:100px;grid-template-columns:minmax(0, 1fr);}.kb-row-layout-id40_c91901-11 > .kt-row-layout-overlay{opacity:0.80;background-color:#ffffff;background-image:url('https:\/\/molos.systems\/wp-content\/uploads\/2024\/11\/linkedin_AB_cover-4.png');background-size:auto;background-position:46% 49%;background-attachment:scroll;background-repeat:no-repeat;mix-blend-mode:normal;}@media all and (max-width: 1024px){.kb-row-layout-id40_c91901-11 > .kt-row-column-wrap{grid-template-columns:minmax(0, 1fr);}}@media all and (max-width: 767px){.kb-row-layout-id40_c91901-11 > .kt-row-column-wrap{grid-template-columns:minmax(0, 1fr);}}<\/style><div class=\"kb-row-layout-wrap kb-row-layout-id40_c91901-11 alignnone has-theme-palette3-background-color kt-row-has-bg wp-block-kadence-rowlayout\"><div class=\"kt-row-layout-overlay kt-row-overlay-normal\"><\/div><div class=\"kt-row-column-wrap kt-has-1-columns kt-row-layout-equal kt-tab-layout-inherit kt-mobile-layout-row kt-row-valign-top kb-theme-content-width\">\n<style>.kadence-column40_68f121-85 > .kt-inside-inner-col,.kadence-column40_68f121-85 > .kt-inside-inner-col:before{border-top-left-radius:0px;border-top-right-radius:0px;border-bottom-right-radius:0px;border-bottom-left-radius:0px;}.kadence-column40_68f121-85 > .kt-inside-inner-col{column-gap:var(--global-kb-gap-sm, 1rem);}.kadence-column40_68f121-85 > .kt-inside-inner-col{flex-direction:column;}.kadence-column40_68f121-85 > .kt-inside-inner-col > .aligncenter{width:100%;}.kadence-column40_68f121-85 > .kt-inside-inner-col:before{opacity:0.3;}.kadence-column40_68f121-85{position:relative;}@media all and (max-width: 1024px){.kadence-column40_68f121-85 > .kt-inside-inner-col{flex-direction:column;justify-content:center;}}@media all and (max-width: 767px){.kadence-column40_68f121-85 > .kt-inside-inner-col{flex-direction:column;justify-content:center;}}<\/style>\n<div class=\"wp-block-kadence-column kadence-column40_68f121-85\"><div class=\"kt-inside-inner-col\"><\/div><\/div>\n\n<\/div><\/div>\n\n<style>.kb-row-layout-id40_209a4e-6d > .kt-row-column-wrap{align-content:start;}:where(.kb-row-layout-id40_209a4e-6d > .kt-row-column-wrap) > .wp-block-kadence-column{justify-content:start;}.kb-row-layout-id40_209a4e-6d > .kt-row-column-wrap{column-gap:80px;row-gap:var(--global-kb-gap-md, 2rem);max-width:var( --global-content-width, 1290px );padding-left:var(--global-content-edge-padding);padding-right:var(--global-content-edge-padding);padding-top:80px;padding-bottom:80px;grid-template-columns:repeat(2, minmax(0, 1fr));}.kb-row-layout-id40_209a4e-6d{background-image:url('https:\/\/molos.systems\/wp-content\/uploads\/2021\/10\/lines.jpeg');background-size:cover;background-position:center center;background-attachment:scroll;background-repeat:no-repeat;}.kb-row-layout-id40_209a4e-6d > .kt-row-layout-overlay{opacity:0.50;background-color:var(--global-palette9, #ffffff);}@media all and (max-width: 1024px){.kb-row-layout-id40_209a4e-6d > .kt-row-column-wrap{grid-template-columns:repeat(2, minmax(0, 1fr));}}@media all and (max-width: 767px){.kb-row-layout-id40_209a4e-6d > .kt-row-column-wrap{grid-template-columns:minmax(0, 1fr);}}.kb-row-layout-id40_209a4e-6d .yellow-slash {  position: absolute;  z-index: -1;  top: 175px;  right: -60px;}<\/style><div class=\"kb-row-layout-wrap kb-row-layout-id40_209a4e-6d alignnone kt-row-has-bg wp-block-kadence-rowlayout\"><div class=\"kt-row-layout-overlay kt-row-overlay-normal\"><\/div><div class=\"kt-row-column-wrap kt-has-2-columns kt-row-layout-equal kt-tab-layout-inherit kt-mobile-layout-row kt-row-valign-top kb-theme-content-width\">\n<style>.kadence-column40_8a84e5-b6 > .kt-inside-inner-col,.kadence-column40_8a84e5-b6 > .kt-inside-inner-col:before{border-top-left-radius:0px;border-top-right-radius:0px;border-bottom-right-radius:0px;border-bottom-left-radius:0px;}.kadence-column40_8a84e5-b6 > .kt-inside-inner-col{column-gap:var(--global-kb-gap-sm, 1rem);}.kadence-column40_8a84e5-b6 > .kt-inside-inner-col{flex-direction:column;}.kadence-column40_8a84e5-b6 > .kt-inside-inner-col > .aligncenter{width:100%;}.kadence-column40_8a84e5-b6 > .kt-inside-inner-col:before{opacity:0.3;}.kadence-column40_8a84e5-b6{position:relative;}@media all and (max-width: 1024px){.kadence-column40_8a84e5-b6 > .kt-inside-inner-col{flex-direction:column;justify-content:center;}}@media all and (max-width: 767px){.kadence-column40_8a84e5-b6 > .kt-inside-inner-col{flex-direction:column;justify-content:center;}}<\/style>\n<div class=\"wp-block-kadence-column kadence-column40_8a84e5-b6 inner-column-1\"><div class=\"kt-inside-inner-col\"><style>.wp-block-kadence-advancedheading.kt-adv-heading40_b29dbb-d8, .wp-block-kadence-advancedheading.kt-adv-heading40_b29dbb-d8[data-kb-block=\"kb-adv-heading40_b29dbb-d8\"]{font-style:normal;}.wp-block-kadence-advancedheading.kt-adv-heading40_b29dbb-d8 mark.kt-highlight, .wp-block-kadence-advancedheading.kt-adv-heading40_b29dbb-d8[data-kb-block=\"kb-adv-heading40_b29dbb-d8\"] mark.kt-highlight{font-style:normal;color:#f76a0c;-webkit-box-decoration-break:clone;box-decoration-break:clone;padding-top:0px;padding-right:0px;padding-bottom:0px;padding-left:0px;}.wp-block-kadence-advancedheading.kt-adv-heading40_b29dbb-d8 img.kb-inline-image, .wp-block-kadence-advancedheading.kt-adv-heading40_b29dbb-d8[data-kb-block=\"kb-adv-heading40_b29dbb-d8\"] img.kb-inline-image{width:150px;vertical-align:baseline;}<\/style>\n<h6 class=\"kt-adv-heading40_b29dbb-d8 wp-block-kadence-advancedheading has-theme-palette-6-color has-text-color\" data-kb-block=\"kb-adv-heading40_b29dbb-d8\">Manufacturer MOLOS SYSTEMS<\/h6>\n\n\n<style>.wp-block-kadence-advancedheading.kt-adv-heading40_98d7c6-30, .wp-block-kadence-advancedheading.kt-adv-heading40_98d7c6-30[data-kb-block=\"kb-adv-heading40_98d7c6-30\"]{padding-top:20px;padding-bottom:20px;font-style:normal;}.wp-block-kadence-advancedheading.kt-adv-heading40_98d7c6-30 mark.kt-highlight, .wp-block-kadence-advancedheading.kt-adv-heading40_98d7c6-30[data-kb-block=\"kb-adv-heading40_98d7c6-30\"] mark.kt-highlight{font-style:normal;color:#f76a0c;-webkit-box-decoration-break:clone;box-decoration-break:clone;padding-top:0px;padding-right:0px;padding-bottom:0px;padding-left:0px;}.wp-block-kadence-advancedheading.kt-adv-heading40_98d7c6-30 img.kb-inline-image, .wp-block-kadence-advancedheading.kt-adv-heading40_98d7c6-30[data-kb-block=\"kb-adv-heading40_98d7c6-30\"] img.kb-inline-image{width:150px;vertical-align:baseline;}@media all and (max-width: 767px){.wp-block-kadence-advancedheading.kt-adv-heading40_98d7c6-30, .wp-block-kadence-advancedheading.kt-adv-heading40_98d7c6-30[data-kb-block=\"kb-adv-heading40_98d7c6-30\"]{font-size:24px;}}<\/style>\n<h2 class=\"kt-adv-heading40_98d7c6-30 wp-block-kadence-advancedheading has-theme-palette-3-color has-text-color\" data-kb-block=\"kb-adv-heading40_98d7c6-30\">About REDNT S.A.<\/h2>\n\n\n<style>.wp-block-kadence-advancedheading.kt-adv-heading40_76c329-bc, .wp-block-kadence-advancedheading.kt-adv-heading40_76c329-bc[data-kb-block=\"kb-adv-heading40_76c329-bc\"]{font-style:normal;}.wp-block-kadence-advancedheading.kt-adv-heading40_76c329-bc mark.kt-highlight, .wp-block-kadence-advancedheading.kt-adv-heading40_76c329-bc[data-kb-block=\"kb-adv-heading40_76c329-bc\"] mark.kt-highlight{font-style:normal;color:#f76a0c;-webkit-box-decoration-break:clone;box-decoration-break:clone;padding-top:0px;padding-right:0px;padding-bottom:0px;padding-left:0px;}.wp-block-kadence-advancedheading.kt-adv-heading40_76c329-bc img.kb-inline-image, .wp-block-kadence-advancedheading.kt-adv-heading40_76c329-bc[data-kb-block=\"kb-adv-heading40_76c329-bc\"] img.kb-inline-image{width:150px;vertical-align:baseline;}<\/style>\n<p class=\"kt-adv-heading40_76c329-bc wp-block-kadence-advancedheading has-theme-palette-4-color has-text-color\" data-kb-block=\"kb-adv-heading40_76c329-bc\"><strong>REDNT S.A.<\/strong> is a technology company specializing in providing systems and solutions in the areas of performance, quality, and reliability of critical and production infrastructure.<\/p>\n\n\n<style>.wp-block-kadence-advancedbtn.kb-btns40_928408-9f{gap:var(--global-kb-gap-xs, 0.5rem );justify-content:flex-start;align-items:center;}.kt-btns40_928408-9f .kt-button{font-weight:normal;font-style:normal;}.kt-btns40_928408-9f .kt-btn-wrap-0{margin-right:5px;}.wp-block-kadence-advancedbtn.kt-btns40_928408-9f .kt-btn-wrap-0 .kt-button{color:#555555;border-color:#555555;}.wp-block-kadence-advancedbtn.kt-btns40_928408-9f .kt-btn-wrap-0 .kt-button:hover, .wp-block-kadence-advancedbtn.kt-btns40_928408-9f .kt-btn-wrap-0 .kt-button:focus{color:#ffffff;border-color:#444444;}.wp-block-kadence-advancedbtn.kt-btns40_928408-9f .kt-btn-wrap-0 .kt-button::before{display:none;}.wp-block-kadence-advancedbtn.kt-btns40_928408-9f .kt-btn-wrap-0 .kt-button:hover, .wp-block-kadence-advancedbtn.kt-btns40_928408-9f .kt-btn-wrap-0 .kt-button:focus{background:#444444;}<\/style>\n<div class=\"wp-block-kadence-advancedbtn kb-buttons-wrap kb-btns40_928408-9f\"><style>ul.menu .wp-block-kadence-advancedbtn .kb-btn40_5cd420-88.kb-button{width:initial;}<\/style><a class=\"kb-button kt-button button kb-btn40_5cd420-88 kt-btn-size-standard kt-btn-width-type-auto kb-btn-global-fill  kt-btn-has-text-true kt-btn-has-svg-false  wp-block-kadence-singlebtn\" href=\"https:\/\/rednt.eu\/\"><span class=\"kt-btn-inner-text\">More about REDNT S.a.<\/span><\/a><\/div>\n<\/div><\/div>\n\n\n<style>.kadence-column40_42c2db-da > .kt-inside-inner-col,.kadence-column40_42c2db-da > .kt-inside-inner-col:before{border-top-left-radius:0px;border-top-right-radius:0px;border-bottom-right-radius:0px;border-bottom-left-radius:0px;}.kadence-column40_42c2db-da > .kt-inside-inner-col{column-gap:var(--global-kb-gap-sm, 1rem);}.kadence-column40_42c2db-da > .kt-inside-inner-col{flex-direction:column;}.kadence-column40_42c2db-da > .kt-inside-inner-col > .aligncenter{width:100%;}.kadence-column40_42c2db-da > .kt-inside-inner-col:before{opacity:0.3;}.kadence-column40_42c2db-da{position:relative;}@media all and (max-width: 1024px){.kadence-column40_42c2db-da > .kt-inside-inner-col{flex-direction:column;justify-content:center;}}@media all and (max-width: 767px){.kadence-column40_42c2db-da > .kt-inside-inner-col{flex-direction:column;justify-content:center;}}<\/style>\n<div class=\"wp-block-kadence-column kadence-column40_42c2db-da kvs-sm-false inner-column-2\"><div class=\"kt-inside-inner-col\"><div class=\"wp-block-image\">\n<figure class=\"aligncenter size-medium\"><img loading=\"lazy\" decoding=\"async\" width=\"300\" height=\"205\" src=\"https:\/\/molos.systems\/wp-content\/uploads\/2024\/11\/REDNT-wektorowe-2024-300x205.png\" alt=\"\" class=\"wp-image-737\" srcset=\"https:\/\/molos.systems\/wp-content\/uploads\/2024\/11\/REDNT-wektorowe-2024-300x205.png 300w, https:\/\/molos.systems\/wp-content\/uploads\/2024\/11\/REDNT-wektorowe-2024.png 752w\" sizes=\"auto, (max-width: 300px) 100vw, 300px\" \/><\/figure>\n<\/div>\n\n<style>.kb-row-layout-id40_3bf98a-47 > .kt-row-column-wrap{align-content:start;}:where(.kb-row-layout-id40_3bf98a-47 > .kt-row-column-wrap) > .wp-block-kadence-column{justify-content:start;}.kb-row-layout-id40_3bf98a-47 > .kt-row-column-wrap{column-gap:var(--global-kb-gap-md, 2rem);row-gap:var(--global-kb-gap-md, 2rem);padding-top:0px;padding-bottom:0px;grid-template-columns:minmax(0, calc(62% - ((var(--global-kb-gap-md, 2rem) * 1 )\/2)))minmax(0, calc(38% - ((var(--global-kb-gap-md, 2rem) * 1 )\/2)));}.kb-row-layout-id40_3bf98a-47 > .kt-row-layout-overlay{opacity:0.30;}@media all and (max-width: 1024px){.kb-row-layout-id40_3bf98a-47 > .kt-row-column-wrap{grid-template-columns:repeat(2, minmax(0, 1fr));}}@media all and (max-width: 767px){.kb-row-layout-id40_3bf98a-47 > .kt-row-column-wrap{grid-template-columns:minmax(0, 1fr);}}<\/style><div class=\"kb-row-layout-wrap kb-row-layout-id40_3bf98a-47 alignnone wp-block-kadence-rowlayout\"><div class=\"kt-row-column-wrap kt-has-2-columns kt-row-layout-equal kt-tab-layout-inherit kt-mobile-layout-row kt-row-valign-top\">\n<style>.kadence-column40_3da086-d7 > .kt-inside-inner-col,.kadence-column40_3da086-d7 > .kt-inside-inner-col:before{border-top-left-radius:0px;border-top-right-radius:0px;border-bottom-right-radius:0px;border-bottom-left-radius:0px;}.kadence-column40_3da086-d7 > .kt-inside-inner-col{column-gap:var(--global-kb-gap-sm, 1rem);}.kadence-column40_3da086-d7 > .kt-inside-inner-col{flex-direction:column;}.kadence-column40_3da086-d7 > .kt-inside-inner-col > .aligncenter{width:100%;}.kadence-column40_3da086-d7 > .kt-inside-inner-col:before{opacity:0.3;}.kadence-column40_3da086-d7{position:relative;}@media all and (max-width: 1024px){.kadence-column40_3da086-d7 > .kt-inside-inner-col{flex-direction:column;justify-content:center;}}@media all and (max-width: 767px){.kadence-column40_3da086-d7 > .kt-inside-inner-col{flex-direction:column;justify-content:center;}}<\/style>\n<div class=\"wp-block-kadence-column kadence-column40_3da086-d7 inner-column-1\"><div class=\"kt-inside-inner-col\"><\/div><\/div>\n\n\n<style>.kadence-column40_2bfe6d-09 > .kt-inside-inner-col,.kadence-column40_2bfe6d-09 > .kt-inside-inner-col:before{border-top-left-radius:0px;border-top-right-radius:0px;border-bottom-right-radius:0px;border-bottom-left-radius:0px;}.kadence-column40_2bfe6d-09 > .kt-inside-inner-col{column-gap:var(--global-kb-gap-sm, 1rem);}.kadence-column40_2bfe6d-09 > .kt-inside-inner-col{flex-direction:column;}.kadence-column40_2bfe6d-09 > .kt-inside-inner-col > .aligncenter{width:100%;}.kadence-column40_2bfe6d-09 > .kt-inside-inner-col:before{opacity:0.3;}.kadence-column40_2bfe6d-09{position:relative;}.kadence-column40_2bfe6d-09, .kt-inside-inner-col > .kadence-column40_2bfe6d-09:not(.specificity){margin-top:-200px;margin-right:-30px;}@media all and (max-width: 1024px){.kadence-column40_2bfe6d-09 > .kt-inside-inner-col{flex-direction:column;justify-content:center;}}@media all and (max-width: 767px){.kadence-column40_2bfe6d-09 > .kt-inside-inner-col{flex-direction:column;justify-content:center;}}<\/style>\n<div class=\"wp-block-kadence-column kadence-column40_2bfe6d-09 inner-column-2\"><div class=\"kt-inside-inner-col\"><\/div><\/div>\n\n<\/div><\/div><\/div><\/div>\n\n<\/div><\/div>","protected":false},"excerpt":{"rendered":"<p>Manufacturer MOLOS SYSTEMS About REDNT S.A. REDNT S.A. is a technology company specializing in providing systems and solutions in the areas of performance, quality, and reliability of critical and production infrastructure.<\/p>\n","protected":false},"author":1,"featured_media":483,"parent":0,"menu_order":0,"comment_status":"closed","ping_status":"closed","template":"","meta":{"_kadence_starter_templates_imported_post":true,"_kad_post_transparent":"","_kad_post_title":"hide","_kad_post_layout":"fullwidth","_kad_post_sidebar_id":"","_kad_post_content_style":"unboxed","_kad_post_vertical_padding":"hide","_kad_post_feature":"hide","_kad_post_feature_position":"","_kad_post_header":false,"_kad_post_footer":false,"_kad_post_classname":"","footnotes":""},"class_list":["post-40","page","type-page","status-publish","has-post-thumbnail","hentry"],"yoast_head":"<!-- This site is optimized with the Yoast SEO plugin v27.4 - https:\/\/yoast.com\/product\/yoast-seo-wordpress\/ -->\n<title>Manufacturer<\/title>\n<meta name=\"robots\" content=\"index, follow, max-snippet:-1, max-image-preview:large, max-video-preview:-1\" \/>\n<link rel=\"canonical\" href=\"https:\/\/molos.systems\/en\/producer\" \/>\n<meta property=\"og:locale\" content=\"en_US\" \/>\n<meta property=\"og:locale:alternate\" content=\"pl_PL\" \/>\n<meta property=\"og:type\" content=\"article\" \/>\n<meta property=\"og:title\" content=\"Manufacturer\" \/>\n<meta property=\"og:description\" content=\"Manufacturer MOLOS SYSTEMS About REDNT S.A. REDNT S.A. is a technology company specializing in providing systems and solutions in the areas of performance, quality, and reliability of critical and production infrastructure.\" \/>\n<meta property=\"og:url\" content=\"https:\/\/molos.systems\/en\/producer\/\" \/>\n<meta property=\"og:site_name\" content=\"MOLOS SYSTEMS\" \/>\n<meta property=\"article:publisher\" content=\"https:\/\/www.facebook.com\/rednt.eu\" \/>\n<meta property=\"article:modified_time\" content=\"2024-12-16T10:12:36+00:00\" \/>\n<meta property=\"og:image\" content=\"https:\/\/molos.systems\/wp-content\/uploads\/2021\/11\/My-Story-scaled-1.jpeg\" \/>\n\t<meta property=\"og:image:width\" content=\"1363\" \/>\n\t<meta property=\"og:image:height\" content=\"2560\" \/>\n\t<meta property=\"og:image:type\" content=\"image\/jpeg\" \/>\n<meta name=\"twitter:card\" content=\"summary_large_image\" \/>\n<meta name=\"twitter:label1\" content=\"Est. reading time\" \/>\n\t<meta name=\"twitter:data1\" content=\"1 minute\" \/>\n<script type=\"application\/ld+json\" class=\"yoast-schema-graph\">{\"@context\":\"https:\\\/\\\/schema.org\",\"@graph\":[{\"@type\":\"WebPage\",\"@id\":\"https:\\\/\\\/molos.systems\\\/en\\\/producer\\\/\",\"url\":\"https:\\\/\\\/molos.systems\\\/en\\\/producer\\\/\",\"name\":\"Manufacturer\",\"isPartOf\":{\"@id\":\"https:\\\/\\\/molos.systems\\\/#website\"},\"primaryImageOfPage\":{\"@id\":\"https:\\\/\\\/molos.systems\\\/en\\\/producer\\\/#primaryimage\"},\"image\":{\"@id\":\"https:\\\/\\\/molos.systems\\\/en\\\/producer\\\/#primaryimage\"},\"thumbnailUrl\":\"https:\\\/\\\/molos.systems\\\/wp-content\\\/uploads\\\/2021\\\/11\\\/My-Story-scaled-1.jpeg\",\"datePublished\":\"2021-10-18T20:51:22+00:00\",\"dateModified\":\"2024-12-16T10:12:36+00:00\",\"breadcrumb\":{\"@id\":\"https:\\\/\\\/molos.systems\\\/en\\\/producer\\\/#breadcrumb\"},\"inLanguage\":\"en-US\",\"potentialAction\":[{\"@type\":\"ReadAction\",\"target\":[\"https:\\\/\\\/molos.systems\\\/en\\\/producer\\\/\"]}]},{\"@type\":\"ImageObject\",\"inLanguage\":\"en-US\",\"@id\":\"https:\\\/\\\/molos.systems\\\/en\\\/producer\\\/#primaryimage\",\"url\":\"https:\\\/\\\/molos.systems\\\/wp-content\\\/uploads\\\/2021\\\/11\\\/My-Story-scaled-1.jpeg\",\"contentUrl\":\"https:\\\/\\\/molos.systems\\\/wp-content\\\/uploads\\\/2021\\\/11\\\/My-Story-scaled-1.jpeg\",\"width\":1363,\"height\":2560},{\"@type\":\"BreadcrumbList\",\"@id\":\"https:\\\/\\\/molos.systems\\\/en\\\/producer\\\/#breadcrumb\",\"itemListElement\":[{\"@type\":\"ListItem\",\"position\":1,\"name\":\"Strona g\u0142\u00f3wna\",\"item\":\"https:\\\/\\\/molos.systems\\\/en\\\/\"},{\"@type\":\"ListItem\",\"position\":2,\"name\":\"Manufacturer\"}]},{\"@type\":\"WebSite\",\"@id\":\"https:\\\/\\\/molos.systems\\\/#website\",\"url\":\"https:\\\/\\\/molos.systems\\\/\",\"name\":\"MOLOS.SYSTEMS - Technologia kt\u00f3ra nap\u0119dza Tw\u00f3j biznes\",\"description\":\"Rodzina system&oacute;w dla przemys\u0142u MOLOS SYSTEM\",\"publisher\":{\"@id\":\"https:\\\/\\\/molos.systems\\\/#organization\"},\"potentialAction\":[{\"@type\":\"SearchAction\",\"target\":{\"@type\":\"EntryPoint\",\"urlTemplate\":\"https:\\\/\\\/molos.systems\\\/?s={search_term_string}\"},\"query-input\":{\"@type\":\"PropertyValueSpecification\",\"valueRequired\":true,\"valueName\":\"search_term_string\"}}],\"inLanguage\":\"en-US\"},{\"@type\":\"Organization\",\"@id\":\"https:\\\/\\\/molos.systems\\\/#organization\",\"name\":\"REDNT S.A.\",\"url\":\"https:\\\/\\\/molos.systems\\\/\",\"logo\":{\"@type\":\"ImageObject\",\"inLanguage\":\"en-US\",\"@id\":\"https:\\\/\\\/molos.systems\\\/#\\\/schema\\\/logo\\\/image\\\/\",\"url\":\"https:\\\/\\\/molos.systems\\\/wp-content\\\/uploads\\\/2024\\\/11\\\/MOLOS-SYSTEMS-bez-kropki-cala-szerokosc.png\",\"contentUrl\":\"https:\\\/\\\/molos.systems\\\/wp-content\\\/uploads\\\/2024\\\/11\\\/MOLOS-SYSTEMS-bez-kropki-cala-szerokosc.png\",\"width\":1300,\"height\":903,\"caption\":\"REDNT S.A.\"},\"image\":{\"@id\":\"https:\\\/\\\/molos.systems\\\/#\\\/schema\\\/logo\\\/image\\\/\"},\"sameAs\":[\"https:\\\/\\\/www.facebook.com\\\/rednt.eu\"]}]}<\/script>\n<!-- \/ Yoast SEO plugin. -->","yoast_head_json":{"title":"Manufacturer","robots":{"index":"index","follow":"follow","max-snippet":"max-snippet:-1","max-image-preview":"max-image-preview:large","max-video-preview":"max-video-preview:-1"},"canonical":"https:\/\/molos.systems\/en\/producer","og_locale":"en_US","og_type":"article","og_title":"[:pl]Producent[:en]Manufacturer[:] - MOLOS SYSTEMS","og_description":"Manufacturer MOLOS SYSTEMS About REDNT S.A. REDNT S.A. is a technology company specializing in providing systems and solutions in the areas of performance, quality, and reliability of critical and production infrastructure.","og_url":"https:\/\/molos.systems\/en\/producer\/","og_site_name":"MOLOS SYSTEMS","article_publisher":"https:\/\/www.facebook.com\/rednt.eu","article_modified_time":"2024-12-16T10:12:36+00:00","og_image":[{"width":1363,"height":2560,"url":"https:\/\/molos.systems\/wp-content\/uploads\/2021\/11\/My-Story-scaled-1.jpeg","type":"image\/jpeg"}],"twitter_card":"summary_large_image","twitter_misc":{"Est. reading time":"1 minute"},"schema":{"@context":"https:\/\/schema.org","@graph":[{"@type":"WebPage","@id":"https:\/\/molos.systems\/en\/producer\/","url":"https:\/\/molos.systems\/en\/producer\/","name":"Manufacturer","isPartOf":{"@id":"https:\/\/molos.systems\/#website"},"primaryImageOfPage":{"@id":"https:\/\/molos.systems\/en\/producer\/#primaryimage"},"image":{"@id":"https:\/\/molos.systems\/en\/producer\/#primaryimage"},"thumbnailUrl":"https:\/\/molos.systems\/wp-content\/uploads\/2021\/11\/My-Story-scaled-1.jpeg","datePublished":"2021-10-18T20:51:22+00:00","dateModified":"2024-12-16T10:12:36+00:00","breadcrumb":{"@id":"https:\/\/molos.systems\/en\/producer\/#breadcrumb"},"inLanguage":"en-US","potentialAction":[{"@type":"ReadAction","target":["https:\/\/molos.systems\/en\/producer\/"]}]},{"@type":"ImageObject","inLanguage":"en-US","@id":"https:\/\/molos.systems\/en\/producer\/#primaryimage","url":"https:\/\/molos.systems\/wp-content\/uploads\/2021\/11\/My-Story-scaled-1.jpeg","contentUrl":"https:\/\/molos.systems\/wp-content\/uploads\/2021\/11\/My-Story-scaled-1.jpeg","width":1363,"height":2560},{"@type":"BreadcrumbList","@id":"https:\/\/molos.systems\/en\/producer\/#breadcrumb","itemListElement":[{"@type":"ListItem","position":1,"name":"Strona g\u0142\u00f3wna","item":"https:\/\/molos.systems\/en\/"},{"@type":"ListItem","position":2,"name":"Manufacturer"}]},{"@type":"WebSite","@id":"https:\/\/molos.systems\/#website","url":"https:\/\/molos.systems\/","name":"MOLOS.SYSTEMS - Technologia kt\u00f3ra nap\u0119dza Tw\u00f3j biznes","description":"Rodzina system&oacute;w dla przemys\u0142u MOLOS SYSTEM","publisher":{"@id":"https:\/\/molos.systems\/#organization"},"potentialAction":[{"@type":"SearchAction","target":{"@type":"EntryPoint","urlTemplate":"https:\/\/molos.systems\/?s={search_term_string}"},"query-input":{"@type":"PropertyValueSpecification","valueRequired":true,"valueName":"search_term_string"}}],"inLanguage":"en-US"},{"@type":"Organization","@id":"https:\/\/molos.systems\/#organization","name":"REDNT S.A.","url":"https:\/\/molos.systems\/","logo":{"@type":"ImageObject","inLanguage":"en-US","@id":"https:\/\/molos.systems\/#\/schema\/logo\/image\/","url":"https:\/\/molos.systems\/wp-content\/uploads\/2024\/11\/MOLOS-SYSTEMS-bez-kropki-cala-szerokosc.png","contentUrl":"https:\/\/molos.systems\/wp-content\/uploads\/2024\/11\/MOLOS-SYSTEMS-bez-kropki-cala-szerokosc.png","width":1300,"height":903,"caption":"REDNT S.A."},"image":{"@id":"https:\/\/molos.systems\/#\/schema\/logo\/image\/"},"sameAs":["https:\/\/www.facebook.com\/rednt.eu"]}]}},"_links":{"self":[{"href":"https:\/\/molos.systems\/en\/wp-json\/wp\/v2\/pages\/40","targetHints":{"allow":["GET"]}}],"collection":[{"href":"https:\/\/molos.systems\/en\/wp-json\/wp\/v2\/pages"}],"about":[{"href":"https:\/\/molos.systems\/en\/wp-json\/wp\/v2\/types\/page"}],"author":[{"embeddable":true,"href":"https:\/\/molos.systems\/en\/wp-json\/wp\/v2\/users\/1"}],"replies":[{"embeddable":true,"href":"https:\/\/molos.systems\/en\/wp-json\/wp\/v2\/comments?post=40"}],"version-history":[{"count":22,"href":"https:\/\/molos.systems\/en\/wp-json\/wp\/v2\/pages\/40\/revisions"}],"predecessor-version":[{"id":1124,"href":"https:\/\/molos.systems\/en\/wp-json\/wp\/v2\/pages\/40\/revisions\/1124"}],"wp:featuredmedia":[{"embeddable":true,"href":"https:\/\/molos.systems\/en\/wp-json\/wp\/v2\/media\/483"}],"wp:attachment":[{"href":"https:\/\/molos.systems\/en\/wp-json\/wp\/v2\/media?parent=40"}],"curies":[{"name":"wp","href":"https:\/\/api.w.org\/{rel}","templated":true}]}}