{"id":613,"date":"2024-11-12T13:23:30","date_gmt":"2024-11-12T13:23:30","guid":{"rendered":"https:\/\/molos.systems\/?page_id=613"},"modified":"2024-11-12T13:23:30","modified_gmt":"2024-11-12T13:23:30","slug":"wprowadzenie","status":"publish","type":"page","link":"https:\/\/molos.systems\/en\/wprowadzenie\/","title":{"rendered":"Wprowadzenie"},"content":{"rendered":"","protected":false},"excerpt":{"rendered":"","protected":false},"author":1,"featured_media":0,"parent":0,"menu_order":0,"comment_status":"closed","ping_status":"closed","template":"","meta":{"_kadence_starter_templates_imported_post":false,"_kad_post_transparent":"","_kad_post_title":"","_kad_post_layout":"","_kad_post_sidebar_id":"","_kad_post_content_style":"","_kad_post_vertical_padding":"","_kad_post_feature":"","_kad_post_feature_position":"","_kad_post_header":false,"_kad_post_footer":false,"_kad_post_classname":"","footnotes":""},"class_list":["post-613","page","type-page","status-publish","hentry"],"yoast_head":"<!-- This site is optimized with the Yoast SEO plugin v27.5 - https:\/\/yoast.com\/product\/yoast-seo-wordpress\/ -->\n<title>Wprowadzenie - MOLOS SYSTEMS<\/title>\n<meta name=\"robots\" content=\"index, follow, max-snippet:-1, max-image-preview:large, max-video-preview:-1\" \/>\n<link rel=\"canonical\" href=\"https:\/\/molos.systems\/en\/wprowadzenie\/\" \/>\n<meta property=\"og:locale\" content=\"en_US\" \/>\n<meta property=\"og:locale:alternate\" content=\"pl_PL\" \/>\n<meta property=\"og:type\" content=\"article\" \/>\n<meta property=\"og:title\" content=\"Wprowadzenie - MOLOS SYSTEMS\" \/>\n<meta property=\"og:url\" content=\"https:\/\/molos.systems\/en\/wprowadzenie\/\" \/>\n<meta property=\"og:site_name\" content=\"MOLOS SYSTEMS\" \/>\n<meta property=\"article:publisher\" content=\"https:\/\/www.facebook.com\/rednt.eu\" \/>\n<meta name=\"twitter:card\" content=\"summary_large_image\" \/>\n<script type=\"application\/ld+json\" class=\"yoast-schema-graph\">{\"@context\":\"https:\\\/\\\/schema.org\",\"@graph\":[{\"@type\":\"WebPage\",\"@id\":\"https:\\\/\\\/molos.systems\\\/wprowadzenie\\\/\",\"url\":\"https:\\\/\\\/molos.systems\\\/wprowadzenie\\\/\",\"name\":\"Wprowadzenie - MOLOS SYSTEMS\",\"isPartOf\":{\"@id\":\"https:\\\/\\\/molos.systems\\\/#website\"},\"datePublished\":\"2024-11-12T13:23:30+00:00\",\"breadcrumb\":{\"@id\":\"https:\\\/\\\/molos.systems\\\/wprowadzenie\\\/#breadcrumb\"},\"inLanguage\":\"en-US\",\"potentialAction\":[{\"@type\":\"ReadAction\",\"target\":[\"https:\\\/\\\/molos.systems\\\/wprowadzenie\\\/\"]}]},{\"@type\":\"BreadcrumbList\",\"@id\":\"https:\\\/\\\/molos.systems\\\/wprowadzenie\\\/#breadcrumb\",\"itemListElement\":[{\"@type\":\"ListItem\",\"position\":1,\"name\":\"Strona g\u0142\u00f3wna\",\"item\":\"https:\\\/\\\/molos.systems\\\/en\\\/\"},{\"@type\":\"ListItem\",\"position\":2,\"name\":\"Wprowadzenie\"}]},{\"@type\":\"WebSite\",\"@id\":\"https:\\\/\\\/molos.systems\\\/#website\",\"url\":\"https:\\\/\\\/molos.systems\\\/\",\"name\":\"MOLOS.SYSTEMS - Technologia kt\u00f3ra nap\u0119dza Tw\u00f3j biznes\",\"description\":\"Rodzina system&oacute;w dla przemys\u0142u MOLOS SYSTEM\",\"publisher\":{\"@id\":\"https:\\\/\\\/molos.systems\\\/#organization\"},\"potentialAction\":[{\"@type\":\"SearchAction\",\"target\":{\"@type\":\"EntryPoint\",\"urlTemplate\":\"https:\\\/\\\/molos.systems\\\/?s={search_term_string}\"},\"query-input\":{\"@type\":\"PropertyValueSpecification\",\"valueRequired\":true,\"valueName\":\"search_term_string\"}}],\"inLanguage\":\"en-US\"},{\"@type\":\"Organization\",\"@id\":\"https:\\\/\\\/molos.systems\\\/#organization\",\"name\":\"REDNT S.A.\",\"url\":\"https:\\\/\\\/molos.systems\\\/\",\"logo\":{\"@type\":\"ImageObject\",\"inLanguage\":\"en-US\",\"@id\":\"https:\\\/\\\/molos.systems\\\/#\\\/schema\\\/logo\\\/image\\\/\",\"url\":\"https:\\\/\\\/molos.systems\\\/wp-content\\\/uploads\\\/2024\\\/11\\\/MOLOS-SYSTEMS-bez-kropki-cala-szerokosc.png\",\"contentUrl\":\"https:\\\/\\\/molos.systems\\\/wp-content\\\/uploads\\\/2024\\\/11\\\/MOLOS-SYSTEMS-bez-kropki-cala-szerokosc.png\",\"width\":1300,\"height\":903,\"caption\":\"REDNT S.A.\"},\"image\":{\"@id\":\"https:\\\/\\\/molos.systems\\\/#\\\/schema\\\/logo\\\/image\\\/\"},\"sameAs\":[\"https:\\\/\\\/www.facebook.com\\\/rednt.eu\"]}]}<\/script>\n<!-- \/ Yoast SEO plugin. -->","yoast_head_json":{"title":"Wprowadzenie - MOLOS SYSTEMS","robots":{"index":"index","follow":"follow","max-snippet":"max-snippet:-1","max-image-preview":"max-image-preview:large","max-video-preview":"max-video-preview:-1"},"canonical":"https:\/\/molos.systems\/en\/wprowadzenie\/","og_locale":"en_US","og_type":"article","og_title":"Wprowadzenie - MOLOS SYSTEMS","og_url":"https:\/\/molos.systems\/en\/wprowadzenie\/","og_site_name":"MOLOS SYSTEMS","article_publisher":"https:\/\/www.facebook.com\/rednt.eu","twitter_card":"summary_large_image","schema":{"@context":"https:\/\/schema.org","@graph":[{"@type":"WebPage","@id":"https:\/\/molos.systems\/wprowadzenie\/","url":"https:\/\/molos.systems\/wprowadzenie\/","name":"Wprowadzenie - MOLOS SYSTEMS","isPartOf":{"@id":"https:\/\/molos.systems\/#website"},"datePublished":"2024-11-12T13:23:30+00:00","breadcrumb":{"@id":"https:\/\/molos.systems\/wprowadzenie\/#breadcrumb"},"inLanguage":"en-US","potentialAction":[{"@type":"ReadAction","target":["https:\/\/molos.systems\/wprowadzenie\/"]}]},{"@type":"BreadcrumbList","@id":"https:\/\/molos.systems\/wprowadzenie\/#breadcrumb","itemListElement":[{"@type":"ListItem","position":1,"name":"Strona g\u0142\u00f3wna","item":"https:\/\/molos.systems\/en\/"},{"@type":"ListItem","position":2,"name":"Wprowadzenie"}]},{"@type":"WebSite","@id":"https:\/\/molos.systems\/#website","url":"https:\/\/molos.systems\/","name":"MOLOS.SYSTEMS - Technologia kt\u00f3ra nap\u0119dza Tw\u00f3j biznes","description":"Rodzina system&oacute;w dla przemys\u0142u MOLOS SYSTEM","publisher":{"@id":"https:\/\/molos.systems\/#organization"},"potentialAction":[{"@type":"SearchAction","target":{"@type":"EntryPoint","urlTemplate":"https:\/\/molos.systems\/?s={search_term_string}"},"query-input":{"@type":"PropertyValueSpecification","valueRequired":true,"valueName":"search_term_string"}}],"inLanguage":"en-US"},{"@type":"Organization","@id":"https:\/\/molos.systems\/#organization","name":"REDNT S.A.","url":"https:\/\/molos.systems\/","logo":{"@type":"ImageObject","inLanguage":"en-US","@id":"https:\/\/molos.systems\/#\/schema\/logo\/image\/","url":"https:\/\/molos.systems\/wp-content\/uploads\/2024\/11\/MOLOS-SYSTEMS-bez-kropki-cala-szerokosc.png","contentUrl":"https:\/\/molos.systems\/wp-content\/uploads\/2024\/11\/MOLOS-SYSTEMS-bez-kropki-cala-szerokosc.png","width":1300,"height":903,"caption":"REDNT S.A."},"image":{"@id":"https:\/\/molos.systems\/#\/schema\/logo\/image\/"},"sameAs":["https:\/\/www.facebook.com\/rednt.eu"]}]}},"_links":{"self":[{"href":"https:\/\/molos.systems\/en\/wp-json\/wp\/v2\/pages\/613","targetHints":{"allow":["GET"]}}],"collection":[{"href":"https:\/\/molos.systems\/en\/wp-json\/wp\/v2\/pages"}],"about":[{"href":"https:\/\/molos.systems\/en\/wp-json\/wp\/v2\/types\/page"}],"author":[{"embeddable":true,"href":"https:\/\/molos.systems\/en\/wp-json\/wp\/v2\/users\/1"}],"replies":[{"embeddable":true,"href":"https:\/\/molos.systems\/en\/wp-json\/wp\/v2\/comments?post=613"}],"version-history":[{"count":1,"href":"https:\/\/molos.systems\/en\/wp-json\/wp\/v2\/pages\/613\/revisions"}],"predecessor-version":[{"id":614,"href":"https:\/\/molos.systems\/en\/wp-json\/wp\/v2\/pages\/613\/revisions\/614"}],"wp:attachment":[{"href":"https:\/\/molos.systems\/en\/wp-json\/wp\/v2\/media?parent=613"}],"curies":[{"name":"wp","href":"https:\/\/api.w.org\/{rel}","templated":true}]}}