{"id":708,"date":"2024-11-13T12:30:02","date_gmt":"2024-11-13T12:30:02","guid":{"rendered":"https:\/\/molos.systems\/?page_id=708"},"modified":"2024-12-03T12:27:12","modified_gmt":"2024-12-03T12:27:12","slug":"systems","status":"publish","type":"page","link":"https:\/\/molos.systems\/en\/systems","title":{"rendered":"Systems"},"content":{"rendered":"\n\n\n\n<p><\/p>\n","protected":false},"excerpt":{"rendered":"","protected":false},"author":1,"featured_media":0,"parent":0,"menu_order":0,"comment_status":"closed","ping_status":"closed","template":"","meta":{"_kadence_starter_templates_imported_post":false,"_kad_post_transparent":"disable","_kad_post_title":"hide","_kad_post_layout":"fullwidth","_kad_post_sidebar_id":"","_kad_post_content_style":"","_kad_post_vertical_padding":"","_kad_post_feature":"","_kad_post_feature_position":"","_kad_post_header":false,"_kad_post_footer":false,"_kad_post_classname":"","footnotes":""},"class_list":["post-708","page","type-page","status-publish","hentry"],"yoast_head":"<!-- This site is optimized with the Yoast SEO plugin v27.4 - https:\/\/yoast.com\/product\/yoast-seo-wordpress\/ -->\n<title>Systems<\/title>\n<meta name=\"robots\" content=\"index, follow, max-snippet:-1, max-image-preview:large, max-video-preview:-1\" \/>\n<link rel=\"canonical\" href=\"https:\/\/molos.systems\/en\/systems\" \/>\n<meta property=\"og:locale\" content=\"en_US\" \/>\n<meta property=\"og:locale:alternate\" content=\"pl_PL\" \/>\n<meta property=\"og:type\" content=\"article\" \/>\n<meta property=\"og:title\" content=\"Systems\" \/>\n<meta property=\"og:url\" content=\"https:\/\/molos.systems\/en\/systems\/\" \/>\n<meta property=\"og:site_name\" content=\"MOLOS SYSTEMS\" \/>\n<meta property=\"article:publisher\" content=\"https:\/\/www.facebook.com\/rednt.eu\" \/>\n<meta property=\"article:modified_time\" content=\"2024-12-03T12:27:12+00:00\" \/>\n<meta name=\"twitter:card\" content=\"summary_large_image\" \/>\n<meta name=\"twitter:label1\" content=\"Est. reading time\" \/>\n\t<meta name=\"twitter:data1\" content=\"1 minute\" \/>\n<script type=\"application\/ld+json\" class=\"yoast-schema-graph\">{\"@context\":\"https:\\\/\\\/schema.org\",\"@graph\":[{\"@type\":\"WebPage\",\"@id\":\"https:\\\/\\\/molos.systems\\\/en\\\/systems\\\/\",\"url\":\"https:\\\/\\\/molos.systems\\\/en\\\/systems\\\/\",\"name\":\"Systems\",\"isPartOf\":{\"@id\":\"https:\\\/\\\/molos.systems\\\/#website\"},\"datePublished\":\"2024-11-13T12:30:02+00:00\",\"dateModified\":\"2024-12-03T12:27:12+00:00\",\"breadcrumb\":{\"@id\":\"https:\\\/\\\/molos.systems\\\/en\\\/systems\\\/#breadcrumb\"},\"inLanguage\":\"en-US\",\"potentialAction\":[{\"@type\":\"ReadAction\",\"target\":[\"https:\\\/\\\/molos.systems\\\/en\\\/systems\\\/\"]}]},{\"@type\":\"BreadcrumbList\",\"@id\":\"https:\\\/\\\/molos.systems\\\/en\\\/systems\\\/#breadcrumb\",\"itemListElement\":[{\"@type\":\"ListItem\",\"position\":1,\"name\":\"Strona g\u0142\u00f3wna\",\"item\":\"https:\\\/\\\/molos.systems\\\/en\\\/\"},{\"@type\":\"ListItem\",\"position\":2,\"name\":\"Systems\"}]},{\"@type\":\"WebSite\",\"@id\":\"https:\\\/\\\/molos.systems\\\/#website\",\"url\":\"https:\\\/\\\/molos.systems\\\/\",\"name\":\"MOLOS.SYSTEMS - Technologia kt\u00f3ra nap\u0119dza Tw\u00f3j biznes\",\"description\":\"Rodzina system&oacute;w dla przemys\u0142u MOLOS SYSTEM\",\"publisher\":{\"@id\":\"https:\\\/\\\/molos.systems\\\/#organization\"},\"potentialAction\":[{\"@type\":\"SearchAction\",\"target\":{\"@type\":\"EntryPoint\",\"urlTemplate\":\"https:\\\/\\\/molos.systems\\\/?s={search_term_string}\"},\"query-input\":{\"@type\":\"PropertyValueSpecification\",\"valueRequired\":true,\"valueName\":\"search_term_string\"}}],\"inLanguage\":\"en-US\"},{\"@type\":\"Organization\",\"@id\":\"https:\\\/\\\/molos.systems\\\/#organization\",\"name\":\"REDNT S.A.\",\"url\":\"https:\\\/\\\/molos.systems\\\/\",\"logo\":{\"@type\":\"ImageObject\",\"inLanguage\":\"en-US\",\"@id\":\"https:\\\/\\\/molos.systems\\\/#\\\/schema\\\/logo\\\/image\\\/\",\"url\":\"https:\\\/\\\/molos.systems\\\/wp-content\\\/uploads\\\/2024\\\/11\\\/MOLOS-SYSTEMS-bez-kropki-cala-szerokosc.png\",\"contentUrl\":\"https:\\\/\\\/molos.systems\\\/wp-content\\\/uploads\\\/2024\\\/11\\\/MOLOS-SYSTEMS-bez-kropki-cala-szerokosc.png\",\"width\":1300,\"height\":903,\"caption\":\"REDNT S.A.\"},\"image\":{\"@id\":\"https:\\\/\\\/molos.systems\\\/#\\\/schema\\\/logo\\\/image\\\/\"},\"sameAs\":[\"https:\\\/\\\/www.facebook.com\\\/rednt.eu\"]}]}<\/script>\n<!-- \/ Yoast SEO plugin. -->","yoast_head_json":{"title":"Systems","robots":{"index":"index","follow":"follow","max-snippet":"max-snippet:-1","max-image-preview":"max-image-preview:large","max-video-preview":"max-video-preview:-1"},"canonical":"https:\/\/molos.systems\/en\/systems","og_locale":"en_US","og_type":"article","og_title":"[:pl]Systemy[:en]Systems[:] - MOLOS SYSTEMS","og_url":"https:\/\/molos.systems\/en\/systems\/","og_site_name":"MOLOS SYSTEMS","article_publisher":"https:\/\/www.facebook.com\/rednt.eu","article_modified_time":"2024-12-03T12:27:12+00:00","twitter_card":"summary_large_image","twitter_misc":{"Est. reading time":"1 minute"},"schema":{"@context":"https:\/\/schema.org","@graph":[{"@type":"WebPage","@id":"https:\/\/molos.systems\/en\/systems\/","url":"https:\/\/molos.systems\/en\/systems\/","name":"Systems","isPartOf":{"@id":"https:\/\/molos.systems\/#website"},"datePublished":"2024-11-13T12:30:02+00:00","dateModified":"2024-12-03T12:27:12+00:00","breadcrumb":{"@id":"https:\/\/molos.systems\/en\/systems\/#breadcrumb"},"inLanguage":"en-US","potentialAction":[{"@type":"ReadAction","target":["https:\/\/molos.systems\/en\/systems\/"]}]},{"@type":"BreadcrumbList","@id":"https:\/\/molos.systems\/en\/systems\/#breadcrumb","itemListElement":[{"@type":"ListItem","position":1,"name":"Strona g\u0142\u00f3wna","item":"https:\/\/molos.systems\/en\/"},{"@type":"ListItem","position":2,"name":"Systems"}]},{"@type":"WebSite","@id":"https:\/\/molos.systems\/#website","url":"https:\/\/molos.systems\/","name":"MOLOS.SYSTEMS - Technologia kt\u00f3ra nap\u0119dza Tw\u00f3j biznes","description":"Rodzina system&oacute;w dla przemys\u0142u MOLOS SYSTEM","publisher":{"@id":"https:\/\/molos.systems\/#organization"},"potentialAction":[{"@type":"SearchAction","target":{"@type":"EntryPoint","urlTemplate":"https:\/\/molos.systems\/?s={search_term_string}"},"query-input":{"@type":"PropertyValueSpecification","valueRequired":true,"valueName":"search_term_string"}}],"inLanguage":"en-US"},{"@type":"Organization","@id":"https:\/\/molos.systems\/#organization","name":"REDNT S.A.","url":"https:\/\/molos.systems\/","logo":{"@type":"ImageObject","inLanguage":"en-US","@id":"https:\/\/molos.systems\/#\/schema\/logo\/image\/","url":"https:\/\/molos.systems\/wp-content\/uploads\/2024\/11\/MOLOS-SYSTEMS-bez-kropki-cala-szerokosc.png","contentUrl":"https:\/\/molos.systems\/wp-content\/uploads\/2024\/11\/MOLOS-SYSTEMS-bez-kropki-cala-szerokosc.png","width":1300,"height":903,"caption":"REDNT S.A."},"image":{"@id":"https:\/\/molos.systems\/#\/schema\/logo\/image\/"},"sameAs":["https:\/\/www.facebook.com\/rednt.eu"]}]}},"_links":{"self":[{"href":"https:\/\/molos.systems\/en\/wp-json\/wp\/v2\/pages\/708","targetHints":{"allow":["GET"]}}],"collection":[{"href":"https:\/\/molos.systems\/en\/wp-json\/wp\/v2\/pages"}],"about":[{"href":"https:\/\/molos.systems\/en\/wp-json\/wp\/v2\/types\/page"}],"author":[{"embeddable":true,"href":"https:\/\/molos.systems\/en\/wp-json\/wp\/v2\/users\/1"}],"replies":[{"embeddable":true,"href":"https:\/\/molos.systems\/en\/wp-json\/wp\/v2\/comments?post=708"}],"version-history":[{"count":14,"href":"https:\/\/molos.systems\/en\/wp-json\/wp\/v2\/pages\/708\/revisions"}],"predecessor-version":[{"id":1091,"href":"https:\/\/molos.systems\/en\/wp-json\/wp\/v2\/pages\/708\/revisions\/1091"}],"wp:attachment":[{"href":"https:\/\/molos.systems\/en\/wp-json\/wp\/v2\/media?parent=708"}],"curies":[{"name":"wp","href":"https:\/\/api.w.org\/{rel}","templated":true}]}}