{"id":711,"date":"2024-11-13T12:30:49","date_gmt":"2024-11-13T12:30:49","guid":{"rendered":"https:\/\/molos.systems\/?page_id=711"},"modified":"2024-12-16T10:10:30","modified_gmt":"2024-12-16T10:10:30","slug":"molos-fan","status":"publish","type":"page","link":"https:\/\/molos.systems\/en\/molos-fan\/","title":{"rendered":"MOLOS.FAN"},"content":{"rendered":"<style>.kb-row-layout-id711_41d3b4-d5 > .kt-row-column-wrap{align-content:center;}:where(.kb-row-layout-id711_41d3b4-d5 > .kt-row-column-wrap) > .wp-block-kadence-column{justify-content:center;}.kb-row-layout-id711_41d3b4-d5 > .kt-row-column-wrap{column-gap:var(--global-kb-gap-md, 2rem);row-gap:var(--global-kb-gap-md, 2rem);max-width:var( --global-content-width, 1290px );padding-left:var(--global-content-edge-padding);padding-right:var(--global-content-edge-padding);padding-top:99px;padding-bottom:100px;grid-template-columns:minmax(0, 2fr) minmax(0, 1fr);}.kb-row-layout-id711_41d3b4-d5 > .kt-row-layout-overlay{opacity:0.12;background-color:#ffffff;background-image:url('https:\/\/molos.systems\/wp-content\/uploads\/2024\/11\/industry-970151_1920.jpg');background-size:cover;background-position:68% 42%;background-attachment:scroll;background-repeat:no-repeat;mix-blend-mode:luminosity;}@media all and (max-width: 1024px){.kb-row-layout-id711_41d3b4-d5 > .kt-row-column-wrap{grid-template-columns:minmax(0, 2fr) minmax(0, 1fr);}}@media all and (max-width: 767px){.kb-row-layout-id711_41d3b4-d5 > .kt-row-column-wrap{grid-template-columns:minmax(0, 1fr);}}<\/style><div class=\"kb-row-layout-wrap kb-row-layout-id711_41d3b4-d5 alignnone has-theme-palette3-background-color kt-row-has-bg wp-block-kadence-rowlayout\"><div class=\"kt-row-layout-overlay kt-row-overlay-normal\"><\/div><div class=\"kt-row-column-wrap kt-has-2-columns kt-row-layout-left-golden kt-tab-layout-inherit kt-mobile-layout-row kt-row-valign-middle kb-theme-content-width\">\n<style>.kadence-column711_f26c7f-f0 > .kt-inside-inner-col,.kadence-column711_f26c7f-f0 > .kt-inside-inner-col:before{border-top-left-radius:0px;border-top-right-radius:0px;border-bottom-right-radius:0px;border-bottom-left-radius:0px;}.kadence-column711_f26c7f-f0 > .kt-inside-inner-col{column-gap:var(--global-kb-gap-sm, 1rem);}.kadence-column711_f26c7f-f0 > .kt-inside-inner-col{flex-direction:column;}.kadence-column711_f26c7f-f0 > .kt-inside-inner-col > .aligncenter{width:100%;}.kadence-column711_f26c7f-f0 > .kt-inside-inner-col:before{opacity:0.3;}.kadence-column711_f26c7f-f0{position:relative;}@media all and (max-width: 1024px){.kadence-column711_f26c7f-f0 > .kt-inside-inner-col{flex-direction:column;justify-content:center;}}@media all and (max-width: 767px){.kadence-column711_f26c7f-f0 > .kt-inside-inner-col{flex-direction:column;justify-content:center;}}<\/style>\n<div class=\"wp-block-kadence-column kadence-column711_f26c7f-f0 inner-column-1\"><div class=\"kt-inside-inner-col\"><style>.wp-block-kadence-advancedheading.kt-adv-heading711_1eab72-19, .wp-block-kadence-advancedheading.kt-adv-heading711_1eab72-19[data-kb-block=\"kb-adv-heading711_1eab72-19\"]{padding-bottom:20px;text-align:left;font-style:normal;}.wp-block-kadence-advancedheading.kt-adv-heading711_1eab72-19 mark.kt-highlight, .wp-block-kadence-advancedheading.kt-adv-heading711_1eab72-19[data-kb-block=\"kb-adv-heading711_1eab72-19\"] mark.kt-highlight{font-style:normal;color:#f76a0c;-webkit-box-decoration-break:clone;box-decoration-break:clone;padding-top:0px;padding-right:0px;padding-bottom:0px;padding-left:0px;}.wp-block-kadence-advancedheading.kt-adv-heading711_1eab72-19 img.kb-inline-image, .wp-block-kadence-advancedheading.kt-adv-heading711_1eab72-19[data-kb-block=\"kb-adv-heading711_1eab72-19\"] img.kb-inline-image{width:150px;vertical-align:baseline;}<\/style>\n<h6 class=\"kt-adv-heading711_1eab72-19 wp-block-kadence-advancedheading has-theme-palette-9-color has-text-color\" data-kb-block=\"kb-adv-heading711_1eab72-19\">THE MOLOS SYSTEMs Family<\/h6>\n\n\n<style>.wp-block-kadence-advancedheading.kt-adv-heading711_490850-aa, .wp-block-kadence-advancedheading.kt-adv-heading711_490850-aa[data-kb-block=\"kb-adv-heading711_490850-aa\"]{text-align:left;font-size:90px;line-height:1.2em;font-style:normal;}.wp-block-kadence-advancedheading.kt-adv-heading711_490850-aa mark.kt-highlight, .wp-block-kadence-advancedheading.kt-adv-heading711_490850-aa[data-kb-block=\"kb-adv-heading711_490850-aa\"] mark.kt-highlight{font-style:normal;color:var(--global-palette1, #3182CE);-webkit-box-decoration-break:clone;box-decoration-break:clone;padding-top:0px;padding-right:0px;padding-bottom:0px;padding-left:0px;}.wp-block-kadence-advancedheading.kt-adv-heading711_490850-aa img.kb-inline-image, .wp-block-kadence-advancedheading.kt-adv-heading711_490850-aa[data-kb-block=\"kb-adv-heading711_490850-aa\"] img.kb-inline-image{width:150px;vertical-align:baseline;}@media all and (max-width: 767px){.wp-block-kadence-advancedheading.kt-adv-heading711_490850-aa, .wp-block-kadence-advancedheading.kt-adv-heading711_490850-aa[data-kb-block=\"kb-adv-heading711_490850-aa\"]{font-size:var(--global-kb-font-size-lg, 2rem);}}<\/style>\n<h1 class=\"kt-adv-heading711_490850-aa wp-block-kadence-advancedheading has-theme-palette-9-color has-text-color\" data-kb-block=\"kb-adv-heading711_490850-aa\"><mark class=\"kt-highlight\">ventilation<\/mark><br>MOLOS.FAN<\/h1>\n<\/div><\/div>\n\n\n<style>.kadence-column711_dc43b5-d3 > .kt-inside-inner-col,.kadence-column711_dc43b5-d3 > .kt-inside-inner-col:before{border-top-left-radius:0px;border-top-right-radius:0px;border-bottom-right-radius:0px;border-bottom-left-radius:0px;}.kadence-column711_dc43b5-d3 > .kt-inside-inner-col{column-gap:var(--global-kb-gap-sm, 1rem);}.kadence-column711_dc43b5-d3 > .kt-inside-inner-col{flex-direction:column;}.kadence-column711_dc43b5-d3 > .kt-inside-inner-col > .aligncenter{width:100%;}.kadence-column711_dc43b5-d3 > .kt-inside-inner-col:before{opacity:0.3;}.kadence-column711_dc43b5-d3{position:relative;}@media all and (max-width: 1024px){.kadence-column711_dc43b5-d3 > .kt-inside-inner-col{flex-direction:column;justify-content:center;}}@media all and (max-width: 767px){.kadence-column711_dc43b5-d3 > .kt-inside-inner-col{flex-direction:column;justify-content:center;}}<\/style>\n<div class=\"wp-block-kadence-column kadence-column711_dc43b5-d3 inner-column-2\"><div class=\"kt-inside-inner-col\"><style>.wp-block-kadence-advancedbtn.kb-btns711_dc40aa-32{gap:0px;justify-content:center;align-items:center;}.kt-btns711_dc40aa-32 .kt-button{font-weight:normal;font-style:normal;}<\/style>\n<div class=\"wp-block-kadence-advancedbtn kb-buttons-wrap kb-btns711_dc40aa-32\"><style>ul.menu .wp-block-kadence-advancedbtn .kb-btn711_9caa7c-5e.kb-button{width:initial;}.wp-block-kadence-advancedbtn .kb-btn711_9caa7c-5e.kb-button{border-top-left-radius:50px;border-top-right-radius:50px;border-bottom-right-radius:50px;border-bottom-left-radius:50px;border-top:0px solid;border-right:0px solid;border-bottom:0px solid;border-left:0px solid;padding-top:15px;padding-right:15px;padding-bottom:15px;padding-left:15px;}.kb-btn711_9caa7c-5e.kb-button .kb-svg-icon-wrap{padding-top:0px;padding-right:0px;padding-bottom:0px;font-size:40px;--kb-button-icon-size:40px;}.kb-btn711_9caa7c-5e.kb-button .kt-btn-inner-text{display:none;}@media all and (max-width: 1024px){.wp-block-kadence-advancedbtn .kb-btn711_9caa7c-5e.kb-button{border-top:0px solid;border-right:0px solid;border-bottom:0px solid;border-left:0px solid;}}@media all and (max-width: 767px){.wp-block-kadence-advancedbtn .kb-btn711_9caa7c-5e.kb-button{border-top:0px solid;border-right:0px solid;border-bottom:0px solid;border-left:0px solid;}}<\/style><a class=\"kb-button kt-button button kb-btn711_9caa7c-5e kt-btn-size-standard kt-btn-width-type-auto kb-btn-global-inherit  kt-btn-has-text-false kt-btn-has-svg-true  wp-block-button__link wp-block-kadence-singlebtn\" href=\"https:\/\/www.youtube.com\/watch?v=dieamUBtyhM\"><span class=\"kb-svg-icon-wrap kb-svg-icon-ic_play kt-btn-icon-side-right\"><svg viewBox=\"0 0 8 8\"  fill=\"currentColor\" xmlns=\"http:\/\/www.w3.org\/2000\/svg\"  aria-hidden=\"true\"><path d=\"M0 0v6l6-3-6-3z\" transform=\"translate(1 1)\"\/><\/svg><\/span><\/a><\/div>\n\n\n<style>.wp-block-kadence-advancedheading.kt-adv-heading711_156d60-1e, .wp-block-kadence-advancedheading.kt-adv-heading711_156d60-1e[data-kb-block=\"kb-adv-heading711_156d60-1e\"]{text-align:center;font-style:normal;}.wp-block-kadence-advancedheading.kt-adv-heading711_156d60-1e mark.kt-highlight, .wp-block-kadence-advancedheading.kt-adv-heading711_156d60-1e[data-kb-block=\"kb-adv-heading711_156d60-1e\"] mark.kt-highlight{font-style:normal;color:#f76a0c;-webkit-box-decoration-break:clone;box-decoration-break:clone;padding-top:0px;padding-right:0px;padding-bottom:0px;padding-left:0px;}.wp-block-kadence-advancedheading.kt-adv-heading711_156d60-1e img.kb-inline-image, .wp-block-kadence-advancedheading.kt-adv-heading711_156d60-1e[data-kb-block=\"kb-adv-heading711_156d60-1e\"] img.kb-inline-image{width:150px;vertical-align:baseline;}<\/style>\n<h6 class=\"kt-adv-heading711_156d60-1e wp-block-kadence-advancedheading has-theme-palette-9-color has-text-color\" data-kb-block=\"kb-adv-heading711_156d60-1e\">HOW DOES IT WORK?<\/h6>\n<\/div><\/div>\n\n<\/div><\/div>\n\n<style>.kb-row-layout-id711_3a3638-04 > .kt-row-column-wrap{align-content:start;}:where(.kb-row-layout-id711_3a3638-04 > .kt-row-column-wrap) > .wp-block-kadence-column{justify-content:start;}.kb-row-layout-id711_3a3638-04 > .kt-row-column-wrap{column-gap:var(--global-kb-gap-md, 2rem);row-gap:var(--global-kb-gap-md, 2rem);max-width:var( --global-content-width, 1290px );padding-left:var(--global-content-edge-padding);padding-right:var(--global-content-edge-padding);padding-top:var(--global-kb-spacing-sm, 1.5rem);padding-bottom:var(--global-kb-spacing-sm, 1.5rem);grid-template-columns:minmax(0, 1fr);}.kb-row-layout-id711_3a3638-04 > .kt-row-layout-overlay{opacity:0.30;}@media all and (max-width: 1024px){.kb-row-layout-id711_3a3638-04 > .kt-row-column-wrap{grid-template-columns:minmax(0, 1fr);}}@media all and (max-width: 767px){.kb-row-layout-id711_3a3638-04 > .kt-row-column-wrap{grid-template-columns:minmax(0, 1fr);}}<\/style><div class=\"kb-row-layout-wrap kb-row-layout-id711_3a3638-04 alignnone wp-block-kadence-rowlayout\"><div class=\"kt-row-column-wrap kt-has-1-columns kt-row-layout-equal kt-tab-layout-inherit kt-mobile-layout-row kt-row-valign-top kb-theme-content-width\">\n<style>.kadence-column711_6661f0-c0 > .kt-inside-inner-col,.kadence-column711_6661f0-c0 > .kt-inside-inner-col:before{border-top-left-radius:0px;border-top-right-radius:0px;border-bottom-right-radius:0px;border-bottom-left-radius:0px;}.kadence-column711_6661f0-c0 > .kt-inside-inner-col{column-gap:var(--global-kb-gap-sm, 1rem);}.kadence-column711_6661f0-c0 > .kt-inside-inner-col{flex-direction:column;}.kadence-column711_6661f0-c0 > .kt-inside-inner-col > .aligncenter{width:100%;}.kadence-column711_6661f0-c0 > .kt-inside-inner-col:before{opacity:0.3;}.kadence-column711_6661f0-c0{position:relative;}@media all and (max-width: 1024px){.kadence-column711_6661f0-c0 > .kt-inside-inner-col{flex-direction:column;justify-content:center;}}@media all and (max-width: 767px){.kadence-column711_6661f0-c0 > .kt-inside-inner-col{flex-direction:column;justify-content:center;}}<\/style>\n<div class=\"wp-block-kadence-column kadence-column711_6661f0-c0\"><div class=\"kt-inside-inner-col\">\n<h2 class=\"wp-block-heading has-text-align-center\">WHAT IS MOLOS.FAN<\/h2>\n\n\n\n<p class=\"has-text-align-center\"><strong>MOLOS.FAN<\/strong> is a set of solutions designed for the power supply, automation, and control of industrial fan stations and aerodynamic tunnels. Previously offered under the <strong>ProgressFAN<\/strong> brand, it provides a comprehensive system for managing the operation of industrial ventilation systems.<\/p>\n\n\n\n<figure class=\"wp-block-embed alignwide is-type-video is-provider-youtube wp-block-embed-youtube wp-embed-aspect-16-9 wp-has-aspect-ratio\"><div class=\"wp-block-embed__wrapper\">\n<iframe loading=\"lazy\" title=\"System MOLOS.FAN - stacje wentylatorowe i tunele aerodynamiczne\" width=\"720\" height=\"405\" src=\"https:\/\/www.youtube.com\/embed\/dieamUBtyhM?feature=oembed\" frameborder=\"0\" allow=\"accelerometer; autoplay; clipboard-write; encrypted-media; gyroscope; picture-in-picture; web-share\" referrerpolicy=\"strict-origin-when-cross-origin\" allowfullscreen><\/iframe>\n<\/div><\/figure>\n\n\n\n<h2 class=\"wp-block-heading has-text-align-center\">FUNCTIONALITIES<\/h2>\n\n\n\n<ul class=\"wp-block-list\">\n<li>Complete fan station automation control system<\/li>\n\n\n\n<li>Motor control systems using proprietary ProgressPOWER thyristor exciter based on patented regulation algorithms<\/li>\n\n\n\n<li>Independent control systems for each fan<\/li>\n\n\n\n<li>Independent emergency control system bypassing automation<\/li>\n\n\n\n<li>Compatibility with medium voltage inverters<\/li>\n\n\n\n<li>Remote control capability<\/li>\n\n\n\n<li>Independent fan speed control (AKP)<\/li>\n\n\n\n<li>Automatic operation capability of the station<\/li>\n\n\n\n<li>Automatic operation capability of the station<\/li>\n\n\n\n<li>Integration with higher-level SCADA systems<\/li>\n\n\n\n<li>Ability to control excitation current of synchronous motors for reactive power compensation<\/li>\n\n\n\n<li>Integration with MOLOS.ICM vibration diagnostics system for predictive maintenance<\/li>\n\n\n\n<li>Ability to customize the system to meet client requirements and needs<\/li>\n<\/ul>\n<\/div><\/div>\n\n<\/div><\/div>","protected":false},"excerpt":{"rendered":"<p>THE MOLOS SYSTEMs Family ventilationMOLOS.FAN HOW DOES IT WORK? WHAT IS MOLOS.FAN MOLOS.FAN is a set of solutions designed for the power supply, automation, and control of industrial fan stations and aerodynamic tunnels. Previously offered under the ProgressFAN brand, it provides a comprehensive system for managing the operation of industrial ventilation systems. FUNCTIONALITIES<\/p>\n","protected":false},"author":1,"featured_media":0,"parent":0,"menu_order":0,"comment_status":"closed","ping_status":"closed","template":"","meta":{"_kadence_starter_templates_imported_post":false,"_kad_post_transparent":"disable","_kad_post_title":"hide","_kad_post_layout":"fullwidth","_kad_post_sidebar_id":"","_kad_post_content_style":"","_kad_post_vertical_padding":"","_kad_post_feature":"","_kad_post_feature_position":"","_kad_post_header":false,"_kad_post_footer":false,"_kad_post_classname":"","footnotes":""},"class_list":["post-711","page","type-page","status-publish","hentry"],"yoast_head":"<!-- This site is optimized with the Yoast SEO plugin v27.4 - https:\/\/yoast.com\/product\/yoast-seo-wordpress\/ -->\n<title>MOLOS.FAN<\/title>\n<meta name=\"robots\" content=\"index, follow, max-snippet:-1, max-image-preview:large, max-video-preview:-1\" \/>\n<link rel=\"canonical\" href=\"https:\/\/molos.systems\/en\/molos-fan\/\" \/>\n<meta property=\"og:locale\" content=\"en_US\" \/>\n<meta property=\"og:locale:alternate\" content=\"pl_PL\" \/>\n<meta property=\"og:type\" content=\"article\" \/>\n<meta property=\"og:title\" content=\"MOLOS.FAN\" \/>\n<meta property=\"og:description\" content=\"THE MOLOS SYSTEMs Family ventilationMOLOS.FAN HOW DOES IT WORK? WHAT IS MOLOS.FAN MOLOS.FAN is a set of solutions designed for the power supply, automation, and control of industrial fan stations and aerodynamic tunnels. Previously offered under the ProgressFAN brand, it provides a comprehensive system for managing the operation of industrial ventilation systems. FUNCTIONALITIES\" \/>\n<meta property=\"og:url\" content=\"https:\/\/molos.systems\/en\/molos-fan\/\" \/>\n<meta property=\"og:site_name\" content=\"MOLOS SYSTEMS\" \/>\n<meta property=\"article:publisher\" content=\"https:\/\/www.facebook.com\/rednt.eu\" \/>\n<meta property=\"article:modified_time\" content=\"2024-12-16T10:10:30+00:00\" \/>\n<meta name=\"twitter:card\" content=\"summary_large_image\" \/>\n<script type=\"application\/ld+json\" class=\"yoast-schema-graph\">{\"@context\":\"https:\\\/\\\/schema.org\",\"@graph\":[{\"@type\":\"WebPage\",\"@id\":\"https:\\\/\\\/molos.systems\\\/en\\\/molos-fan\\\/\",\"url\":\"https:\\\/\\\/molos.systems\\\/en\\\/molos-fan\\\/\",\"name\":\"MOLOS.FAN\",\"isPartOf\":{\"@id\":\"https:\\\/\\\/molos.systems\\\/#website\"},\"datePublished\":\"2024-11-13T12:30:49+00:00\",\"dateModified\":\"2024-12-16T10:10:30+00:00\",\"breadcrumb\":{\"@id\":\"https:\\\/\\\/molos.systems\\\/en\\\/molos-fan\\\/#breadcrumb\"},\"inLanguage\":\"en-US\",\"potentialAction\":[{\"@type\":\"ReadAction\",\"target\":[\"https:\\\/\\\/molos.systems\\\/en\\\/molos-fan\\\/\"]}]},{\"@type\":\"BreadcrumbList\",\"@id\":\"https:\\\/\\\/molos.systems\\\/en\\\/molos-fan\\\/#breadcrumb\",\"itemListElement\":[{\"@type\":\"ListItem\",\"position\":1,\"name\":\"Strona g\u0142\u00f3wna\",\"item\":\"https:\\\/\\\/molos.systems\\\/en\\\/\"},{\"@type\":\"ListItem\",\"position\":2,\"name\":\"MOLOS.FAN\"}]},{\"@type\":\"WebSite\",\"@id\":\"https:\\\/\\\/molos.systems\\\/#website\",\"url\":\"https:\\\/\\\/molos.systems\\\/\",\"name\":\"MOLOS.SYSTEMS - Technologia kt\u00f3ra nap\u0119dza Tw\u00f3j biznes\",\"description\":\"Rodzina system&oacute;w dla przemys\u0142u MOLOS SYSTEM\",\"publisher\":{\"@id\":\"https:\\\/\\\/molos.systems\\\/#organization\"},\"potentialAction\":[{\"@type\":\"SearchAction\",\"target\":{\"@type\":\"EntryPoint\",\"urlTemplate\":\"https:\\\/\\\/molos.systems\\\/?s={search_term_string}\"},\"query-input\":{\"@type\":\"PropertyValueSpecification\",\"valueRequired\":true,\"valueName\":\"search_term_string\"}}],\"inLanguage\":\"en-US\"},{\"@type\":\"Organization\",\"@id\":\"https:\\\/\\\/molos.systems\\\/#organization\",\"name\":\"REDNT S.A.\",\"url\":\"https:\\\/\\\/molos.systems\\\/\",\"logo\":{\"@type\":\"ImageObject\",\"inLanguage\":\"en-US\",\"@id\":\"https:\\\/\\\/molos.systems\\\/#\\\/schema\\\/logo\\\/image\\\/\",\"url\":\"https:\\\/\\\/molos.systems\\\/wp-content\\\/uploads\\\/2024\\\/11\\\/MOLOS-SYSTEMS-bez-kropki-cala-szerokosc.png\",\"contentUrl\":\"https:\\\/\\\/molos.systems\\\/wp-content\\\/uploads\\\/2024\\\/11\\\/MOLOS-SYSTEMS-bez-kropki-cala-szerokosc.png\",\"width\":1300,\"height\":903,\"caption\":\"REDNT S.A.\"},\"image\":{\"@id\":\"https:\\\/\\\/molos.systems\\\/#\\\/schema\\\/logo\\\/image\\\/\"},\"sameAs\":[\"https:\\\/\\\/www.facebook.com\\\/rednt.eu\"]}]}<\/script>\n<!-- \/ Yoast SEO plugin. -->","yoast_head_json":{"title":"MOLOS.FAN","robots":{"index":"index","follow":"follow","max-snippet":"max-snippet:-1","max-image-preview":"max-image-preview:large","max-video-preview":"max-video-preview:-1"},"canonical":"https:\/\/molos.systems\/en\/molos-fan\/","og_locale":"en_US","og_type":"article","og_title":"[:pl]MOLOS.FAN[:en]MOLOS.FAN[:] - MOLOS SYSTEMS","og_description":"THE MOLOS SYSTEMs Family ventilationMOLOS.FAN HOW DOES IT WORK? WHAT IS MOLOS.FAN MOLOS.FAN is a set of solutions designed for the power supply, automation, and control of industrial fan stations and aerodynamic tunnels. Previously offered under the ProgressFAN brand, it provides a comprehensive system for managing the operation of industrial ventilation systems. FUNCTIONALITIES","og_url":"https:\/\/molos.systems\/en\/molos-fan\/","og_site_name":"MOLOS SYSTEMS","article_publisher":"https:\/\/www.facebook.com\/rednt.eu","article_modified_time":"2024-12-16T10:10:30+00:00","twitter_card":"summary_large_image","schema":{"@context":"https:\/\/schema.org","@graph":[{"@type":"WebPage","@id":"https:\/\/molos.systems\/en\/molos-fan\/","url":"https:\/\/molos.systems\/en\/molos-fan\/","name":"MOLOS.FAN","isPartOf":{"@id":"https:\/\/molos.systems\/#website"},"datePublished":"2024-11-13T12:30:49+00:00","dateModified":"2024-12-16T10:10:30+00:00","breadcrumb":{"@id":"https:\/\/molos.systems\/en\/molos-fan\/#breadcrumb"},"inLanguage":"en-US","potentialAction":[{"@type":"ReadAction","target":["https:\/\/molos.systems\/en\/molos-fan\/"]}]},{"@type":"BreadcrumbList","@id":"https:\/\/molos.systems\/en\/molos-fan\/#breadcrumb","itemListElement":[{"@type":"ListItem","position":1,"name":"Strona g\u0142\u00f3wna","item":"https:\/\/molos.systems\/en\/"},{"@type":"ListItem","position":2,"name":"MOLOS.FAN"}]},{"@type":"WebSite","@id":"https:\/\/molos.systems\/#website","url":"https:\/\/molos.systems\/","name":"MOLOS.SYSTEMS - Technologia kt\u00f3ra nap\u0119dza Tw\u00f3j biznes","description":"Rodzina system&oacute;w dla przemys\u0142u MOLOS SYSTEM","publisher":{"@id":"https:\/\/molos.systems\/#organization"},"potentialAction":[{"@type":"SearchAction","target":{"@type":"EntryPoint","urlTemplate":"https:\/\/molos.systems\/?s={search_term_string}"},"query-input":{"@type":"PropertyValueSpecification","valueRequired":true,"valueName":"search_term_string"}}],"inLanguage":"en-US"},{"@type":"Organization","@id":"https:\/\/molos.systems\/#organization","name":"REDNT S.A.","url":"https:\/\/molos.systems\/","logo":{"@type":"ImageObject","inLanguage":"en-US","@id":"https:\/\/molos.systems\/#\/schema\/logo\/image\/","url":"https:\/\/molos.systems\/wp-content\/uploads\/2024\/11\/MOLOS-SYSTEMS-bez-kropki-cala-szerokosc.png","contentUrl":"https:\/\/molos.systems\/wp-content\/uploads\/2024\/11\/MOLOS-SYSTEMS-bez-kropki-cala-szerokosc.png","width":1300,"height":903,"caption":"REDNT S.A."},"image":{"@id":"https:\/\/molos.systems\/#\/schema\/logo\/image\/"},"sameAs":["https:\/\/www.facebook.com\/rednt.eu"]}]}},"_links":{"self":[{"href":"https:\/\/molos.systems\/en\/wp-json\/wp\/v2\/pages\/711","targetHints":{"allow":["GET"]}}],"collection":[{"href":"https:\/\/molos.systems\/en\/wp-json\/wp\/v2\/pages"}],"about":[{"href":"https:\/\/molos.systems\/en\/wp-json\/wp\/v2\/types\/page"}],"author":[{"embeddable":true,"href":"https:\/\/molos.systems\/en\/wp-json\/wp\/v2\/users\/1"}],"replies":[{"embeddable":true,"href":"https:\/\/molos.systems\/en\/wp-json\/wp\/v2\/comments?post=711"}],"version-history":[{"count":17,"href":"https:\/\/molos.systems\/en\/wp-json\/wp\/v2\/pages\/711\/revisions"}],"predecessor-version":[{"id":1118,"href":"https:\/\/molos.systems\/en\/wp-json\/wp\/v2\/pages\/711\/revisions\/1118"}],"wp:attachment":[{"href":"https:\/\/molos.systems\/en\/wp-json\/wp\/v2\/media?parent=711"}],"curies":[{"name":"wp","href":"https:\/\/api.w.org\/{rel}","templated":true}]}}